{"id":1598,"date":"2014-10-07T14:18:22","date_gmt":"2014-10-07T12:18:22","guid":{"rendered":"https:\/\/www.tallersacatala.com\/ocasions\/subsolador\/"},"modified":"2021-11-12T13:41:45","modified_gmt":"2021-11-12T12:41:45","slug":"subsolador","status":"publish","type":"product","link":"https:\/\/www.tallersacatala.com\/es\/ocasiones\/subsolador\/","title":{"rendered":"Subsolador de 3 p\u00faas de ocasi\u00f3n"},"content":{"rendered":"<p>Subsolador de 3 p\u00faas de ocasi\u00f3n<\/p>\n","protected":false},"excerpt":{"rendered":"<p>Subsolador de 3 p\u00faas de ocasi\u00f3n<\/p>\n","protected":false},"featured_media":1364,"comment_status":"closed","ping_status":"closed","template":"","meta":{"kt_blocks_editor_width":""},"product_cat":[48],"product_tag":[],"_links":{"self":[{"href":"https:\/\/www.tallersacatala.com\/es\/wp-json\/wp\/v2\/product\/1598"}],"collection":[{"href":"https:\/\/www.tallersacatala.com\/es\/wp-json\/wp\/v2\/product"}],"about":[{"href":"https:\/\/www.tallersacatala.com\/es\/wp-json\/wp\/v2\/types\/product"}],"replies":[{"embeddable":true,"href":"https:\/\/www.tallersacatala.com\/es\/wp-json\/wp\/v2\/comments?post=1598"}],"wp:featuredmedia":[{"embeddable":true,"href":"https:\/\/www.tallersacatala.com\/es\/wp-json\/wp\/v2\/media\/1364"}],"wp:attachment":[{"href":"https:\/\/www.tallersacatala.com\/es\/wp-json\/wp\/v2\/media?parent=1598"}],"wp:term":[{"taxonomy":"product_cat","embeddable":true,"href":"https:\/\/www.tallersacatala.com\/es\/wp-json\/wp\/v2\/product_cat?post=1598"},{"taxonomy":"product_tag","embeddable":true,"href":"https:\/\/www.tallersacatala.com\/es\/wp-json\/wp\/v2\/product_tag?post=1598"}],"curies":[{"name":"wp","href":"https:\/\/api.w.org\/{rel}","templated":true}]}}