{"id":1599,"date":"2014-10-07T14:02:55","date_gmt":"2014-10-07T12:02:55","guid":{"rendered":"https:\/\/www.tallersacatala.com\/ocasions\/grada-arrossegada-tractomotor\/"},"modified":"2021-11-12T13:42:27","modified_gmt":"2021-11-12T12:42:27","slug":"grada-arrossegada-tractomotor","status":"publish","type":"product","link":"https:\/\/www.tallersacatala.com\/es\/ocasiones\/grada-arrossegada-tractomotor\/","title":{"rendered":"Grada arrastrada tractomotor de 14 platos i pist\u00f3n hidr\u00e1ulico"},"content":{"rendered":"<p>Grada arrastrada tractomotor de 14 platos i pist\u00f3n\u00a0hidr\u00e1ulico<\/p>\n","protected":false},"excerpt":{"rendered":"<p>Grada arrastrada tractomotor de 14 platos i pist\u00f3n\u00a0hidr\u00e1ulico<\/p>\n","protected":false},"featured_media":1362,"comment_status":"closed","ping_status":"closed","template":"","meta":{"kt_blocks_editor_width":""},"product_cat":[48],"product_tag":[],"_links":{"self":[{"href":"https:\/\/www.tallersacatala.com\/es\/wp-json\/wp\/v2\/product\/1599"}],"collection":[{"href":"https:\/\/www.tallersacatala.com\/es\/wp-json\/wp\/v2\/product"}],"about":[{"href":"https:\/\/www.tallersacatala.com\/es\/wp-json\/wp\/v2\/types\/product"}],"replies":[{"embeddable":true,"href":"https:\/\/www.tallersacatala.com\/es\/wp-json\/wp\/v2\/comments?post=1599"}],"wp:featuredmedia":[{"embeddable":true,"href":"https:\/\/www.tallersacatala.com\/es\/wp-json\/wp\/v2\/media\/1362"}],"wp:attachment":[{"href":"https:\/\/www.tallersacatala.com\/es\/wp-json\/wp\/v2\/media?parent=1599"}],"wp:term":[{"taxonomy":"product_cat","embeddable":true,"href":"https:\/\/www.tallersacatala.com\/es\/wp-json\/wp\/v2\/product_cat?post=1599"},{"taxonomy":"product_tag","embeddable":true,"href":"https:\/\/www.tallersacatala.com\/es\/wp-json\/wp\/v2\/product_tag?post=1599"}],"curies":[{"name":"wp","href":"https:\/\/api.w.org\/{rel}","templated":true}]}}